{"id":1644,"date":"2019-05-22T14:55:21","date_gmt":"2019-05-22T12:55:21","guid":{"rendered":"https:\/\/dextre.com\/?page_id=1644"},"modified":"2022-05-23T16:58:33","modified_gmt":"2022-05-23T14:58:33","slug":"vos-produits","status":"publish","type":"page","link":"https:\/\/dextre.com\/en\/nos-produits\/vos-produits\/","title":{"rendered":"Your products"},"content":{"rendered":"<div data-elementor-type=\"wp-post\" data-elementor-id=\"1644\" class=\"elementor elementor-1644\">\n\t\t\t\t\t\t\t\t\t<section class=\"elementor-section elementor-top-section elementor-element elementor-element-c80dc7b elementor-section-stretched elementor-section-full_width elementor-section-height-default elementor-section-height-default\" data-id=\"c80dc7b\" data-element_type=\"section\" data-settings=\"{&quot;stretch_section&quot;:&quot;section-stretched&quot;}\">\n\t\t\t\t\t\t<div class=\"elementor-container elementor-column-gap-default\">\n\t\t\t\t\t<div class=\"elementor-column elementor-col-100 elementor-top-column elementor-element elementor-element-585a2b8\" data-id=\"585a2b8\" data-element_type=\"column\">\n\t\t\t<div class=\"elementor-widget-wrap elementor-element-populated\">\n\t\t\t\t\t\t\t\t<div class=\"elementor-element elementor-element-3c6c57e elementor-widget elementor-widget-spacer\" data-id=\"3c6c57e\" data-element_type=\"widget\" data-widget_type=\"spacer.default\">\n\t\t\t\t<div class=\"elementor-widget-container\">\n\t\t\t\t\t<div class=\"elementor-spacer\">\n\t\t\t<div class=\"elementor-spacer-inner\"><\/div>\n\t\t<\/div>\n\t\t\t\t<\/div>\n\t\t\t\t<\/div>\n\t\t\t\t<div class=\"elementor-element elementor-element-e213db8 elementor-widget elementor-widget-spacer\" data-id=\"e213db8\" data-element_type=\"widget\" data-widget_type=\"spacer.default\">\n\t\t\t\t<div class=\"elementor-widget-container\">\n\t\t\t\t\t<div class=\"elementor-spacer\">\n\t\t\t<div class=\"elementor-spacer-inner\"><\/div>\n\t\t<\/div>\n\t\t\t\t<\/div>\n\t\t\t\t<\/div>\n\t\t\t\t<div class=\"elementor-element elementor-element-944e4ae elementor-widget elementor-widget-heading\" data-id=\"944e4ae\" data-element_type=\"widget\" data-widget_type=\"heading.default\">\n\t\t\t\t<div class=\"elementor-widget-container\">\n\t\t\t<h2 class=\"elementor-heading-title elementor-size-xl\">Your products:<\/h2>\t\t<\/div>\n\t\t\t\t<\/div>\n\t\t\t\t<div class=\"elementor-element elementor-element-5e697a9 elementor-widget elementor-widget-text-editor\" data-id=\"5e697a9\" data-element_type=\"widget\" data-widget_type=\"text-editor.default\">\n\t\t\t\t<div class=\"elementor-widget-container\">\n\t\t\t\t\t\t\t<p>A specific need? Do not hesitate to contact us, we will answer you promptly!<\/p>\t\t\t\t\t\t<\/div>\n\t\t\t\t<\/div>\n\t\t\t\t\t<\/div>\n\t\t<\/div>\n\t\t\t\t\t\t\t<\/div>\n\t\t<\/section>\n\t\t\t\t<section class=\"elementor-section elementor-top-section elementor-element elementor-element-102490d elementor-section-boxed elementor-section-height-default elementor-section-height-default\" data-id=\"102490d\" data-element_type=\"section\">\n\t\t\t\t\t\t<div class=\"elementor-container elementor-column-gap-default\">\n\t\t\t\t\t<div class=\"elementor-column elementor-col-100 elementor-top-column elementor-element elementor-element-510a0a4\" data-id=\"510a0a4\" data-element_type=\"column\">\n\t\t\t<div class=\"elementor-widget-wrap elementor-element-populated\">\n\t\t\t\t\t\t\t\t<div class=\"elementor-element elementor-element-b4b7cbe elementor-widget elementor-widget-shortcode\" data-id=\"b4b7cbe\" data-element_type=\"widget\" data-widget_type=\"shortcode.default\">\n\t\t\t\t<div class=\"elementor-widget-container\">\n\t\t\t\t\t<div class=\"elementor-shortcode\">\n<div class=\"wpcf7 no-js\" id=\"wpcf7-f1927-o1\" lang=\"fr-FR\" dir=\"ltr\">\n<div class=\"screen-reader-response\"><p role=\"status\" aria-live=\"polite\" aria-atomic=\"true\"><\/p> <ul><\/ul><\/div>\n<form action=\"\/en\/wp-json\/wp\/v2\/pages\/1644#wpcf7-f1927-o1\" method=\"post\" class=\"wpcf7-form init\" aria-label=\"Formulaire de contact\" enctype=\"multipart\/form-data\" novalidate=\"novalidate\" data-status=\"init\" data-trp-original-action=\"\/en\/wp-json\/wp\/v2\/pages\/1644#wpcf7-f1927-o1\">\n<div style=\"display: none;\">\n<input type=\"hidden\" name=\"_wpcf7\" value=\"1927\" \/>\n<input type=\"hidden\" name=\"_wpcf7_version\" value=\"5.7.7\" \/>\n<input type=\"hidden\" name=\"_wpcf7_locale\" value=\"fr_FR\" \/>\n<input type=\"hidden\" name=\"_wpcf7_unit_tag\" value=\"wpcf7-f1927-o1\" \/>\n<input type=\"hidden\" name=\"_wpcf7_container_post\" value=\"0\" \/>\n<input type=\"hidden\" name=\"_wpcf7_posted_data_hash\" value=\"\" \/>\n<\/div>\n<!--Ajout\u00e9 par A.Gabriel le 16\/06\/2022 c'est akismet:autho, c'est pour le bon fonctionnement du plugin-->\n<p><label> Your name (required)<br \/>\n<span class=\"wpcf7-form-control-wrap\" data-name=\"your-name\"><input size=\"40\" class=\"wpcf7-form-control wpcf7-text wpcf7-validates-as-required\" aria-required=\"true\" aria-invalid=\"false\" value=\"\" type=\"text\" name=\"your-name\" \/><\/span> <\/label>\n<\/p>\n<p><label> Your e-mail address (required)<br \/>\n<span class=\"wpcf7-form-control-wrap\" data-name=\"your-email\"><input size=\"40\" class=\"wpcf7-form-control wpcf7-text wpcf7-email wpcf7-validates-as-required wpcf7-validates-as-email\" aria-required=\"true\" aria-invalid=\"false\" value=\"\" type=\"email\" name=\"your-email\" \/><\/span> <\/label><br \/>\n<!--Ajout\u00e9 par C.Thomas le 17\/06\/2020 <span id=\"wpcf7-69dafb53544eb-wrapper\" class=\"wpcf7-form-control-wrap subject-wrap\" ><input id=\"wpcf7-69dafb53544eb-field\"  class=\"wpcf7-form-control wpcf7-text\" type=\"text\" name=\"subject\" value=\"\" size=\"40\" tabindex=\"-1\" autocomplete=\"new-password\" \/><\/span>--><br \/>\n<label> Subject<br \/>\n<span class=\"wpcf7-form-control-wrap\" data-name=\"your-subject\"><input size=\"40\" class=\"wpcf7-form-control wpcf7-text\" aria-invalid=\"false\" value=\"\" type=\"text\" name=\"your-subject\" \/><\/span> <\/label>\n<\/p>\n<p><label> Your message<br \/>\n<span class=\"wpcf7-form-control-wrap\" data-name=\"your-message\"><textarea cols=\"40\" rows=\"10\" class=\"wpcf7-form-control wpcf7-textarea\" aria-invalid=\"false\" name=\"your-message\"><\/textarea><\/span> <\/label>\n<\/p>\n<p><label> Insert an attachment<br \/>\n<span class=\"wpcf7-form-control-wrap\" data-name=\"your-file\"><input size=\"40\" class=\"wpcf7-form-control wpcf7-file\" accept=\".jpg,.jpeg,.pdf,.png,.gif,.bmp,.txt\" aria-invalid=\"false\" type=\"file\" name=\"your-file\" \/><\/span> <\/label><br \/>\nSupported file type: jpg - jpeg - pdf - png - gif - bmp - txt<br \/>\nMaximum size: 10 Mo\n<\/p><!-- Ajout\u00e9 A.Gabriel le 22\/06\/2022 Ajout d'un quiz qui est un champ qui doit \u00eatre imp\u00e9rativement r\u00e9pondu pour que le message s'envoie et donc contrer les spams qui n'auront pas la r\u00e9ponse \u00e0 des question de math.-->\n<p><span class=\"wpcf7-form-control-wrap\" data-name=\"quiz-771\"><label><span class=\"wpcf7-quiz-label\">What is 3 + 6 ?<\/span> <input size=\"40\" class=\"wpcf7-form-control wpcf7-quiz\" autocomplete=\"off\" aria-required=\"true\" aria-invalid=\"false\" type=\"text\" name=\"quiz-771\" \/><\/label><input type=\"hidden\" name=\"_wpcf7_quiz_answer_quiz-771\" value=\"15cd866e80044238ce30a9654a32a86d\" \/><\/span>\n<\/p>\n\n<!--Ajout\u00e9 par C.Thomas le 09\/06\/2020--> \n<!--[anr_nocaptcha g-recaptcha-response]-->\n\n<!--Ajout\u00e9 par C.Thomas le 17\/06\/2020 <span id=\"wpcf7-69dafb5354837-wrapper\" class=\"wpcf7-form-control-wrap website-wrap\" ><input id=\"wpcf7-69dafb5354837-field\"  class=\"wpcf7-form-control wpcf7-text\" type=\"text\" name=\"website\" value=\"\" size=\"40\" tabindex=\"-1\" autocomplete=\"new-password\" \/><\/span>-->\n<p><input class=\"wpcf7-form-control has-spinner wpcf7-submit\" type=\"submit\" value=\"Send\" \/>\n<\/p><div class=\"wpcf7-response-output\" aria-hidden=\"true\"><\/div>\n<input type=\"hidden\" name=\"trp-form-language\" value=\"en\"\/><\/form>\n<\/div>\n<\/div>\n\t\t\t\t<\/div>\n\t\t\t\t<\/div>\n\t\t\t\t\t<\/div>\n\t\t<\/div>\n\t\t\t\t\t\t\t<\/div>\n\t\t<\/section>\n\t\t\t\t\t\t\t<\/div>","protected":false},"excerpt":{"rendered":"<p>Vos produits: Un besoin sp\u00e9cifique? N&#8217;h\u00e9sitez pas \u00e0 nous contacter, nous serons \u00e0 votre \u00e9coute!<\/p>","protected":false},"author":1,"featured_media":0,"parent":339,"menu_order":0,"comment_status":"closed","ping_status":"closed","template":"elementor_header_footer","meta":{"_mi_skip_tracking":false,"_exactmetrics_sitenote_active":false,"_exactmetrics_sitenote_note":"","_exactmetrics_sitenote_category":0,"ocean_post_layout":"","ocean_both_sidebars_style":"","ocean_both_sidebars_content_width":0,"ocean_both_sidebars_sidebars_width":0,"ocean_sidebar":"0","ocean_second_sidebar":"0","ocean_disable_margins":"enable","ocean_add_body_class":"","ocean_shortcode_before_top_bar":"","ocean_shortcode_after_top_bar":"","ocean_shortcode_before_header":"","ocean_shortcode_after_header":"","ocean_has_shortcode":"","ocean_shortcode_after_title":"","ocean_shortcode_before_footer_widgets":"","ocean_shortcode_after_footer_widgets":"","ocean_shortcode_before_footer_bottom":"","ocean_shortcode_after_footer_bottom":"","ocean_display_top_bar":"default","ocean_display_header":"default","ocean_header_style":"","ocean_center_header_left_menu":"0","ocean_custom_header_template":"0","ocean_custom_logo":0,"ocean_custom_retina_logo":0,"ocean_custom_logo_max_width":0,"ocean_custom_logo_tablet_max_width":0,"ocean_custom_logo_mobile_max_width":0,"ocean_custom_logo_max_height":0,"ocean_custom_logo_tablet_max_height":0,"ocean_custom_logo_mobile_max_height":0,"ocean_header_custom_menu":"0","ocean_menu_typo_font_family":"0","ocean_menu_typo_font_subset":"","ocean_menu_typo_font_size":0,"ocean_menu_typo_font_size_tablet":0,"ocean_menu_typo_font_size_mobile":0,"ocean_menu_typo_font_size_unit":"px","ocean_menu_typo_font_weight":"","ocean_menu_typo_font_weight_tablet":"","ocean_menu_typo_font_weight_mobile":"","ocean_menu_typo_transform":"","ocean_menu_typo_transform_tablet":"","ocean_menu_typo_transform_mobile":"","ocean_menu_typo_line_height":0,"ocean_menu_typo_line_height_tablet":0,"ocean_menu_typo_line_height_mobile":0,"ocean_menu_typo_line_height_unit":"","ocean_menu_typo_spacing":0,"ocean_menu_typo_spacing_tablet":0,"ocean_menu_typo_spacing_mobile":0,"ocean_menu_typo_spacing_unit":"","ocean_menu_link_color":"","ocean_menu_link_color_hover":"","ocean_menu_link_color_active":"","ocean_menu_link_background":"","ocean_menu_link_hover_background":"","ocean_menu_link_active_background":"","ocean_menu_social_links_bg":"","ocean_menu_social_hover_links_bg":"","ocean_menu_social_links_color":"","ocean_menu_social_hover_links_color":"","ocean_disable_title":"default","ocean_disable_heading":"default","ocean_post_title":"","ocean_post_subheading":"","ocean_post_title_style":"","ocean_post_title_background_color":"","ocean_post_title_background":0,"ocean_post_title_bg_image_position":"","ocean_post_title_bg_image_attachment":"","ocean_post_title_bg_image_repeat":"","ocean_post_title_bg_image_size":"","ocean_post_title_height":0,"ocean_post_title_bg_overlay":0.5,"ocean_post_title_bg_overlay_color":"","ocean_disable_breadcrumbs":"default","ocean_breadcrumbs_color":"","ocean_breadcrumbs_separator_color":"","ocean_breadcrumbs_links_color":"","ocean_breadcrumbs_links_hover_color":"","ocean_display_footer_widgets":"default","ocean_display_footer_bottom":"default","ocean_custom_footer_template":"0"},"yoast_head":"<!-- This site is optimized with the Yoast SEO plugin v20.6 - https:\/\/yoast.com\/wordpress\/plugins\/seo\/ -->\n<title>Vos produits - Dextre<\/title>\n<meta name=\"robots\" content=\"index, follow, max-snippet:-1, max-image-preview:large, max-video-preview:-1\" \/>\n<link rel=\"canonical\" href=\"https:\/\/dextre.com\/en\/nos-produits\/vos-produits\/\" \/>\n<meta property=\"og:locale\" content=\"en_GB\" \/>\n<meta property=\"og:type\" content=\"article\" \/>\n<meta property=\"og:title\" content=\"Vos produits - Dextre\" \/>\n<meta property=\"og:description\" content=\"Vos produits: Un besoin sp\u00e9cifique? N&#8217;h\u00e9sitez pas \u00e0 nous contacter, nous serons \u00e0 votre \u00e9coute!\" \/>\n<meta property=\"og:url\" content=\"https:\/\/dextre.com\/en\/nos-produits\/vos-produits\/\" \/>\n<meta property=\"og:site_name\" content=\"Dextre\" \/>\n<meta property=\"article:modified_time\" content=\"2022-05-23T14:58:33+00:00\" \/>\n<meta name=\"twitter:card\" content=\"summary_large_image\" \/>\n<meta name=\"twitter:label1\" content=\"Est. reading time\" \/>\n\t<meta name=\"twitter:data1\" content=\"1 minute\" \/>\n<!-- \/ Yoast SEO plugin. -->","yoast_head_json":{"title":"Vos produits - Dextre","robots":{"index":"index","follow":"follow","max-snippet":"max-snippet:-1","max-image-preview":"max-image-preview:large","max-video-preview":"max-video-preview:-1"},"canonical":"https:\/\/dextre.com\/en\/nos-produits\/vos-produits\/","og_locale":"en_GB","og_type":"article","og_title":"Vos produits - Dextre","og_description":"Vos produits: Un besoin sp\u00e9cifique? N&#8217;h\u00e9sitez pas \u00e0 nous contacter, nous serons \u00e0 votre \u00e9coute!","og_url":"https:\/\/dextre.com\/en\/nos-produits\/vos-produits\/","og_site_name":"Dextre","article_modified_time":"2022-05-23T14:58:33+00:00","twitter_card":"summary_large_image","twitter_misc":{"Est. reading time":"1 minute"},"schema":{"@context":"https:\/\/schema.org","@graph":[{"@type":"WebPage","@id":"https:\/\/dextre.com\/nos-produits\/vos-produits\/","url":"https:\/\/dextre.com\/nos-produits\/vos-produits\/","name":"Vos produits - Dextre","isPartOf":{"@id":"https:\/\/dextre.com\/#website"},"datePublished":"2019-05-22T12:55:21+00:00","dateModified":"2022-05-23T14:58:33+00:00","breadcrumb":{"@id":"https:\/\/dextre.com\/nos-produits\/vos-produits\/#breadcrumb"},"inLanguage":"en-GB","potentialAction":[{"@type":"ReadAction","target":["https:\/\/dextre.com\/nos-produits\/vos-produits\/"]}]},{"@type":"BreadcrumbList","@id":"https:\/\/dextre.com\/nos-produits\/vos-produits\/#breadcrumb","itemListElement":[{"@type":"ListItem","position":1,"name":"Accueil","item":"https:\/\/dextre.com\/"},{"@type":"ListItem","position":2,"name":"Nos produits","item":"https:\/\/dextre.com\/nos-produits\/"},{"@type":"ListItem","position":3,"name":"Vos produits"}]},{"@type":"WebSite","@id":"https:\/\/dextre.com\/#website","url":"https:\/\/dextre.com\/","name":"Dextre","description":"Import Export depuis 1988","publisher":{"@id":"https:\/\/dextre.com\/#organization"},"potentialAction":[{"@type":"SearchAction","target":{"@type":"EntryPoint","urlTemplate":"https:\/\/dextre.com\/?s={search_term_string}"},"query-input":"required name=search_term_string"}],"inLanguage":"en-GB"},{"@type":"Organization","@id":"https:\/\/dextre.com\/#organization","name":"Dextre","url":"https:\/\/dextre.com\/","logo":{"@type":"ImageObject","inLanguage":"en-GB","@id":"https:\/\/dextre.com\/#\/schema\/logo\/image\/","url":"https:\/\/dextre.com\/wp-content\/uploads\/2019\/04\/Logo-dextre-1.gif","contentUrl":"https:\/\/dextre.com\/wp-content\/uploads\/2019\/04\/Logo-dextre-1.gif","width":400,"height":90,"caption":"Dextre"},"image":{"@id":"https:\/\/dextre.com\/#\/schema\/logo\/image\/"}}]}},"_links":{"self":[{"href":"https:\/\/dextre.com\/en\/wp-json\/wp\/v2\/pages\/1644"}],"collection":[{"href":"https:\/\/dextre.com\/en\/wp-json\/wp\/v2\/pages"}],"about":[{"href":"https:\/\/dextre.com\/en\/wp-json\/wp\/v2\/types\/page"}],"author":[{"embeddable":true,"href":"https:\/\/dextre.com\/en\/wp-json\/wp\/v2\/users\/1"}],"replies":[{"embeddable":true,"href":"https:\/\/dextre.com\/en\/wp-json\/wp\/v2\/comments?post=1644"}],"version-history":[{"count":8,"href":"https:\/\/dextre.com\/en\/wp-json\/wp\/v2\/pages\/1644\/revisions"}],"predecessor-version":[{"id":7486,"href":"https:\/\/dextre.com\/en\/wp-json\/wp\/v2\/pages\/1644\/revisions\/7486"}],"up":[{"embeddable":true,"href":"https:\/\/dextre.com\/en\/wp-json\/wp\/v2\/pages\/339"}],"wp:attachment":[{"href":"https:\/\/dextre.com\/en\/wp-json\/wp\/v2\/media?parent=1644"}],"curies":[{"name":"wp","href":"https:\/\/api.w.org\/{rel}","templated":true}]}}