{"id":874,"date":"2019-05-10T15:06:35","date_gmt":"2019-05-10T13:06:35","guid":{"rendered":"http:\/\/dextre.com\/?page_id=874"},"modified":"2022-05-27T11:16:41","modified_gmt":"2022-05-27T09:16:41","slug":"tech","status":"publish","type":"page","link":"https:\/\/dextre.com\/en\/nos-clients\/tech\/","title":{"rendered":"Tech"},"content":{"rendered":"<div data-elementor-type=\"wp-post\" data-elementor-id=\"874\" class=\"elementor elementor-874\">\n\t\t\t\t\t\t\t\t\t<section class=\"elementor-section elementor-top-section elementor-element elementor-element-d1e8bee elementor-section-stretched elementor-section-full_width elementor-section-height-default elementor-section-height-default\" data-id=\"d1e8bee\" data-element_type=\"section\" data-settings=\"{&quot;stretch_section&quot;:&quot;section-stretched&quot;}\">\n\t\t\t\t\t\t<div class=\"elementor-container elementor-column-gap-default\">\n\t\t\t\t\t<div class=\"elementor-column elementor-col-100 elementor-top-column elementor-element elementor-element-aaef936\" data-id=\"aaef936\" data-element_type=\"column\">\n\t\t\t<div class=\"elementor-widget-wrap elementor-element-populated\">\n\t\t\t\t\t\t\t\t<div class=\"elementor-element elementor-element-df1c226 elementor-widget elementor-widget-spacer\" data-id=\"df1c226\" data-element_type=\"widget\" data-widget_type=\"spacer.default\">\n\t\t\t\t<div class=\"elementor-widget-container\">\n\t\t\t\t\t<div class=\"elementor-spacer\">\n\t\t\t<div class=\"elementor-spacer-inner\"><\/div>\n\t\t<\/div>\n\t\t\t\t<\/div>\n\t\t\t\t<\/div>\n\t\t\t\t<div class=\"elementor-element elementor-element-74fa7ed elementor-widget elementor-widget-spacer\" data-id=\"74fa7ed\" data-element_type=\"widget\" data-widget_type=\"spacer.default\">\n\t\t\t\t<div class=\"elementor-widget-container\">\n\t\t\t\t\t<div class=\"elementor-spacer\">\n\t\t\t<div class=\"elementor-spacer-inner\"><\/div>\n\t\t<\/div>\n\t\t\t\t<\/div>\n\t\t\t\t<\/div>\n\t\t\t\t<div class=\"elementor-element elementor-element-299c16d elementor-widget elementor-widget-heading\" data-id=\"299c16d\" data-element_type=\"widget\" data-widget_type=\"heading.default\">\n\t\t\t\t<div class=\"elementor-widget-container\">\n\t\t\t<h2 class=\"elementor-heading-title elementor-size-xl\">Tech:<\/h2>\t\t<\/div>\n\t\t\t\t<\/div>\n\t\t\t\t\t<\/div>\n\t\t<\/div>\n\t\t\t\t\t\t\t<\/div>\n\t\t<\/section>\n\t\t\t\t<section class=\"elementor-section elementor-top-section elementor-element elementor-element-0d50251 elementor-section-boxed elementor-section-height-default elementor-section-height-default\" data-id=\"0d50251\" data-element_type=\"section\">\n\t\t\t\t\t\t<div class=\"elementor-container elementor-column-gap-default\">\n\t\t\t\t\t<div class=\"elementor-column elementor-col-100 elementor-top-column elementor-element elementor-element-28a54c5\" data-id=\"28a54c5\" data-element_type=\"column\">\n\t\t\t<div class=\"elementor-widget-wrap elementor-element-populated\">\n\t\t\t\t\t\t\t\t<div class=\"elementor-element elementor-element-dd770ff gallery-spacing-custom elementor-widget elementor-widget-image-gallery\" data-id=\"dd770ff\" data-element_type=\"widget\" data-widget_type=\"image-gallery.default\">\n\t\t\t\t<div class=\"elementor-widget-container\">\n\t\t\t\t\t<div class=\"elementor-image-gallery\">\n\t\t\t<div id='gallery-1' class='gallery galleryid-874 gallery-columns-3 gallery-size-medium'><figure class='gallery-item'>\n\t\t\t<div class='gallery-icon landscape'>\n\t\t\t\t<a data-elementor-open-lightbox=\"yes\" data-elementor-lightbox-slideshow=\"dd770ff\" data-elementor-lightbox-title=\"lyonnaise de banque\" data-e-action-hash=\"#elementor-action%3Aaction%3Dlightbox%26settings%3DeyJpZCI6ODk2LCJ1cmwiOiJodHRwczpcL1wvZGV4dHJlLmNvbVwvd3AtY29udGVudFwvdXBsb2Fkc1wvMjAxOVwvMDVcL2x5b25uYWlzZS1kZS1iYW5xdWUtZTE1NTc0OTczNjA3NjEucG5nIiwic2xpZGVzaG93IjoiZGQ3NzBmZiJ9\" href='https:\/\/dextre.com\/wp-content\/uploads\/2019\/05\/lyonnaise-de-banque-e1557497360761.png'><img width=\"300\" height=\"55\" src=\"https:\/\/dextre.com\/wp-content\/uploads\/2019\/05\/lyonnaise-de-banque-300x55.png\" class=\"attachment-medium size-medium\" alt=\"\" \/><\/a>\n\t\t\t<\/div><\/figure><figure class='gallery-item'>\n\t\t\t<div class='gallery-icon landscape'>\n\t\t\t\t<a data-elementor-open-lightbox=\"yes\" data-elementor-lightbox-slideshow=\"dd770ff\" data-elementor-lightbox-title=\"CCI\" data-e-action-hash=\"#elementor-action%3Aaction%3Dlightbox%26settings%3DeyJpZCI6ODg2LCJ1cmwiOiJodHRwczpcL1wvZGV4dHJlLmNvbVwvd3AtY29udGVudFwvdXBsb2Fkc1wvMjAxOVwvMDVcL0NDSS1lMTU1NzQ5NzUxNjIwOC5wbmciLCJzbGlkZXNob3ciOiJkZDc3MGZmIn0%3D\" href='https:\/\/dextre.com\/wp-content\/uploads\/2019\/05\/CCI-e1557497516208.png'><img width=\"300\" height=\"94\" src=\"https:\/\/dextre.com\/wp-content\/uploads\/2019\/05\/CCI-300x94.png\" class=\"attachment-medium size-medium\" alt=\"\" srcset=\"https:\/\/dextre.com\/wp-content\/uploads\/2019\/05\/CCI-e1557497516208.png 300w, https:\/\/dextre.com\/wp-content\/uploads\/2019\/05\/CCI-400x126.png 400w\" sizes=\"(max-width: 300px) 100vw, 300px\" \/><\/a>\n\t\t\t<\/div><\/figure><figure class='gallery-item'>\n\t\t\t<div class='gallery-icon landscape'>\n\t\t\t\t<a data-elementor-open-lightbox=\"yes\" data-elementor-lightbox-slideshow=\"dd770ff\" data-elementor-lightbox-title=\"Conseil g\u00e9n\u00e9ral du gard\" data-e-action-hash=\"#elementor-action%3Aaction%3Dlightbox%26settings%3DeyJpZCI6MTU3MCwidXJsIjoiaHR0cHM6XC9cL2RleHRyZS5jb21cL3dwLWNvbnRlbnRcL3VwbG9hZHNcLzIwMTlcLzA1XC9Db25zZWlsLWdcdTAwZTluXHUwMGU5cmFsLWR1LWdhcmQucG5nIiwic2xpZGVzaG93IjoiZGQ3NzBmZiJ9\" href='https:\/\/dextre.com\/wp-content\/uploads\/2019\/05\/Conseil-g\u00e9n\u00e9ral-du-gard.png'><img width=\"300\" height=\"160\" src=\"https:\/\/dextre.com\/wp-content\/uploads\/2019\/05\/Conseil-g\u00e9n\u00e9ral-du-gard-300x160.png\" class=\"attachment-medium size-medium\" alt=\"\" srcset=\"https:\/\/dextre.com\/wp-content\/uploads\/2019\/05\/Conseil-g\u00e9n\u00e9ral-du-gard-300x160.png 300w, https:\/\/dextre.com\/wp-content\/uploads\/2019\/05\/Conseil-g\u00e9n\u00e9ral-du-gard-768x410.png 768w, https:\/\/dextre.com\/wp-content\/uploads\/2019\/05\/Conseil-g\u00e9n\u00e9ral-du-gard-1024x546.png 1024w, https:\/\/dextre.com\/wp-content\/uploads\/2019\/05\/Conseil-g\u00e9n\u00e9ral-du-gard.png 1280w\" sizes=\"(max-width: 300px) 100vw, 300px\" \/><\/a>\n\t\t\t<\/div><\/figure><figure class='gallery-item'>\n\t\t\t<div class='gallery-icon landscape'>\n\t\t\t\t<a data-elementor-open-lightbox=\"yes\" data-elementor-lightbox-slideshow=\"dd770ff\" data-elementor-lightbox-title=\"Banque-populaire-sud\" data-e-action-hash=\"#elementor-action%3Aaction%3Dlightbox%26settings%3DeyJpZCI6ODgzLCJ1cmwiOiJodHRwczpcL1wvZGV4dHJlLmNvbVwvd3AtY29udGVudFwvdXBsb2Fkc1wvMjAxOVwvMDVcL0JhbnF1ZS1wb3B1bGFpcmUtc3VkLWUxNTU3NDk3NTYxNzY1LnBuZyIsInNsaWRlc2hvdyI6ImRkNzcwZmYifQ%3D%3D\" href='https:\/\/dextre.com\/wp-content\/uploads\/2019\/05\/Banque-populaire-sud-e1557497561765.png'><img loading=\"lazy\" width=\"300\" height=\"129\" src=\"https:\/\/dextre.com\/wp-content\/uploads\/2019\/05\/Banque-populaire-sud-300x129.png\" class=\"attachment-medium size-medium\" alt=\"\" srcset=\"https:\/\/dextre.com\/wp-content\/uploads\/2019\/05\/Banque-populaire-sud-e1557497561765.png 300w, https:\/\/dextre.com\/wp-content\/uploads\/2019\/05\/Banque-populaire-sud-768x331.png 768w\" sizes=\"(max-width: 300px) 100vw, 300px\" \/><\/a>\n\t\t\t<\/div><\/figure><figure class='gallery-item'>\n\t\t\t<div class='gallery-icon landscape'>\n\t\t\t\t<a data-elementor-open-lightbox=\"yes\" data-elementor-lightbox-slideshow=\"dd770ff\" data-elementor-lightbox-title=\"\u00c9glise_R\u00e9form\u00e9e_de_France\" data-e-action-hash=\"#elementor-action%3Aaction%3Dlightbox%26settings%3DeyJpZCI6ODkwLCJ1cmwiOiJodHRwczpcL1wvZGV4dHJlLmNvbVwvd3AtY29udGVudFwvdXBsb2Fkc1wvMjAxOVwvMDVcL2dsaXNlX1JcdTAwZTlmb3JtXHUwMGU5ZV9kZV9GcmFuY2UtZTE1NTc0OTc0NTI2MDYucG5nIiwic2xpZGVzaG93IjoiZGQ3NzBmZiJ9\" href='https:\/\/dextre.com\/wp-content\/uploads\/2019\/05\/glise_R\u00e9form\u00e9e_de_France-e1557497452606.png'><img loading=\"lazy\" width=\"300\" height=\"130\" src=\"https:\/\/dextre.com\/wp-content\/uploads\/2019\/05\/\u00c9glise_R\u00e9form\u00e9e_de_France-300x130.png\" class=\"attachment-medium size-medium\" alt=\"\" srcset=\"https:\/\/dextre.com\/wp-content\/uploads\/2019\/05\/glise_R\u00e9form\u00e9e_de_France-e1557497452606.png 300w, https:\/\/dextre.com\/wp-content\/uploads\/2019\/05\/\u00c9glise_R\u00e9form\u00e9e_de_France-768x333.png 768w, https:\/\/dextre.com\/wp-content\/uploads\/2019\/05\/\u00c9glise_R\u00e9form\u00e9e_de_France-1024x444.png 1024w\" sizes=\"(max-width: 300px) 100vw, 300px\" \/><\/a>\n\t\t\t<\/div><\/figure><figure class='gallery-item'>\n\t\t\t<div class='gallery-icon landscape'>\n\t\t\t\t<a data-elementor-open-lightbox=\"yes\" data-elementor-lightbox-slideshow=\"dd770ff\" data-elementor-lightbox-title=\"minist\u00e8re de la d\u00e9fense\" data-e-action-hash=\"#elementor-action%3Aaction%3Dlightbox%26settings%3DeyJpZCI6OTAwLCJ1cmwiOiJodHRwczpcL1wvZGV4dHJlLmNvbVwvd3AtY29udGVudFwvdXBsb2Fkc1wvMjAxOVwvMDVcL21pbmlzdFx1MDBlOHJlLWRlLWxhLWRcdTAwZTlmZW5zZS1lMTU1NzQ5NzMwNzM5NS5qcGciLCJzbGlkZXNob3ciOiJkZDc3MGZmIn0%3D\" href='https:\/\/dextre.com\/wp-content\/uploads\/2019\/05\/minist\u00e8re-de-la-d\u00e9fense-e1557497307395.jpg'><img loading=\"lazy\" width=\"292\" height=\"173\" src=\"https:\/\/dextre.com\/wp-content\/uploads\/2019\/05\/minist\u00e8re-de-la-d\u00e9fense-e1557497307395.jpg\" class=\"attachment-medium size-medium\" alt=\"\" \/><\/a>\n\t\t\t<\/div><\/figure><figure class='gallery-item'>\n\t\t\t<div class='gallery-icon landscape'>\n\t\t\t\t<a data-elementor-open-lightbox=\"yes\" data-elementor-lightbox-slideshow=\"dd770ff\" data-elementor-lightbox-title=\"P\u00f4le_Emploi\" data-e-action-hash=\"#elementor-action%3Aaction%3Dlightbox%26settings%3DeyJpZCI6OTA0LCJ1cmwiOiJodHRwczpcL1wvZGV4dHJlLmNvbVwvd3AtY29udGVudFwvdXBsb2Fkc1wvMjAxOVwvMDVcL1BcdTAwZjRsZV9FbXBsb2ktZTE1NTc0OTcxNjkyNzkucG5nIiwic2xpZGVzaG93IjoiZGQ3NzBmZiJ9\" href='https:\/\/dextre.com\/wp-content\/uploads\/2019\/05\/P\u00f4le_Emploi-e1557497169279.png'><img loading=\"lazy\" width=\"300\" height=\"250\" src=\"https:\/\/dextre.com\/wp-content\/uploads\/2019\/05\/P\u00f4le_Emploi-300x250.png\" class=\"attachment-medium size-medium\" alt=\"\" srcset=\"https:\/\/dextre.com\/wp-content\/uploads\/2019\/05\/P\u00f4le_Emploi-e1557497169279.png 300w, https:\/\/dextre.com\/wp-content\/uploads\/2019\/05\/P\u00f4le_Emploi-768x640.png 768w, https:\/\/dextre.com\/wp-content\/uploads\/2019\/05\/P\u00f4le_Emploi-1024x853.png 1024w\" sizes=\"(max-width: 300px) 100vw, 300px\" \/><\/a>\n\t\t\t<\/div><\/figure><figure class='gallery-item'>\n\t\t\t<div class='gallery-icon landscape'>\n\t\t\t\t<a data-elementor-open-lightbox=\"yes\" data-elementor-lightbox-slideshow=\"dd770ff\" data-elementor-lightbox-title=\"mairie de N\u00eemes\" data-e-action-hash=\"#elementor-action%3Aaction%3Dlightbox%26settings%3DeyJpZCI6ODk3LCJ1cmwiOiJodHRwczpcL1wvZGV4dHJlLmNvbVwvd3AtY29udGVudFwvdXBsb2Fkc1wvMjAxOVwvMDVcL21haXJpZS1kZS1OXHUwMGVlbWVzLWUxNTU3NDk3MzQ0NDYyLmpwZyIsInNsaWRlc2hvdyI6ImRkNzcwZmYifQ%3D%3D\" href='https:\/\/dextre.com\/wp-content\/uploads\/2019\/05\/mairie-de-N\u00eemes-e1557497344462.jpg'><img loading=\"lazy\" width=\"300\" height=\"300\" src=\"https:\/\/dextre.com\/wp-content\/uploads\/2019\/05\/mairie-de-N\u00eemes-300x300.jpg\" class=\"attachment-medium size-medium\" alt=\"\" srcset=\"https:\/\/dextre.com\/wp-content\/uploads\/2019\/05\/mairie-de-N\u00eemes-e1557497344462.jpg 300w, https:\/\/dextre.com\/wp-content\/uploads\/2019\/05\/mairie-de-N\u00eemes-150x150.jpg 150w, https:\/\/dextre.com\/wp-content\/uploads\/2019\/05\/mairie-de-N\u00eemes-768x768.jpg 768w, https:\/\/dextre.com\/wp-content\/uploads\/2019\/05\/mairie-de-N\u00eemes-1024x1024.jpg 1024w, https:\/\/dextre.com\/wp-content\/uploads\/2019\/05\/mairie-de-N\u00eemes-400x400.jpg 400w\" sizes=\"(max-width: 300px) 100vw, 300px\" \/><\/a>\n\t\t\t<\/div><\/figure><figure class='gallery-item'>\n\t\t\t<div class='gallery-icon landscape'>\n\t\t\t\t<a data-elementor-open-lightbox=\"yes\" data-elementor-lightbox-slideshow=\"dd770ff\" data-elementor-lightbox-title=\"Caisse_d_allocations_familiales\" data-e-action-hash=\"#elementor-action%3Aaction%3Dlightbox%26settings%3DeyJpZCI6ODg0LCJ1cmwiOiJodHRwczpcL1wvZGV4dHJlLmNvbVwvd3AtY29udGVudFwvdXBsb2Fkc1wvMjAxOVwvMDVcL0NhaXNzZV9kX2FsbG9jYXRpb25zX2ZhbWlsaWFsZXMtZTE1NTc0OTc1NDMxMzIucG5nIiwic2xpZGVzaG93IjoiZGQ3NzBmZiJ9\" href='https:\/\/dextre.com\/wp-content\/uploads\/2019\/05\/Caisse_d_allocations_familiales-e1557497543132.png'><img loading=\"lazy\" width=\"300\" height=\"300\" src=\"https:\/\/dextre.com\/wp-content\/uploads\/2019\/05\/Caisse_d_allocations_familiales-300x300.png\" class=\"attachment-medium size-medium\" alt=\"\" srcset=\"https:\/\/dextre.com\/wp-content\/uploads\/2019\/05\/Caisse_d_allocations_familiales-e1557497543132.png 300w, https:\/\/dextre.com\/wp-content\/uploads\/2019\/05\/Caisse_d_allocations_familiales-150x150.png 150w, https:\/\/dextre.com\/wp-content\/uploads\/2019\/05\/Caisse_d_allocations_familiales-768x768.png 768w, https:\/\/dextre.com\/wp-content\/uploads\/2019\/05\/Caisse_d_allocations_familiales-400x400.png 400w\" sizes=\"(max-width: 300px) 100vw, 300px\" \/><\/a>\n\t\t\t<\/div><\/figure><figure class='gallery-item'>\n\t\t\t<div class='gallery-icon landscape'>\n\t\t\t\t<a data-elementor-open-lightbox=\"yes\" data-elementor-lightbox-slideshow=\"dd770ff\" data-elementor-lightbox-title=\"formeum_cci-gard\" data-e-action-hash=\"#elementor-action%3Aaction%3Dlightbox%26settings%3DeyJpZCI6MTU3NCwidXJsIjoiaHR0cHM6XC9cL2RleHRyZS5jb21cL3dwLWNvbnRlbnRcL3VwbG9hZHNcLzIwMTlcLzA1XC9mb3JtZXVtX2NjaS1nYXJkLnBuZyIsInNsaWRlc2hvdyI6ImRkNzcwZmYifQ%3D%3D\" href='https:\/\/dextre.com\/wp-content\/uploads\/2019\/05\/formeum_cci-gard.png'><img loading=\"lazy\" width=\"300\" height=\"147\" src=\"https:\/\/dextre.com\/wp-content\/uploads\/2019\/05\/formeum_cci-gard-300x147.png\" class=\"attachment-medium size-medium\" alt=\"\" \/><\/a>\n\t\t\t<\/div><\/figure><figure class='gallery-item'>\n\t\t\t<div class='gallery-icon landscape'>\n\t\t\t\t<a data-elementor-open-lightbox=\"yes\" data-elementor-lightbox-slideshow=\"dd770ff\" data-elementor-lightbox-title=\"Salins du midi\" data-e-action-hash=\"#elementor-action%3Aaction%3Dlightbox%26settings%3DeyJpZCI6MTU4MCwidXJsIjoiaHR0cHM6XC9cL2RleHRyZS5jb21cL3dwLWNvbnRlbnRcL3VwbG9hZHNcLzIwMTlcLzA1XC9TYWxpbnMtZHUtbWlkaS5qcGVnIiwic2xpZGVzaG93IjoiZGQ3NzBmZiJ9\" href='https:\/\/dextre.com\/wp-content\/uploads\/2019\/05\/Salins-du-midi.jpeg'><img loading=\"lazy\" width=\"300\" height=\"300\" src=\"https:\/\/dextre.com\/wp-content\/uploads\/2019\/05\/Salins-du-midi-300x300.jpeg\" class=\"attachment-medium size-medium\" alt=\"\" srcset=\"https:\/\/dextre.com\/wp-content\/uploads\/2019\/05\/Salins-du-midi-300x300.jpeg 300w, https:\/\/dextre.com\/wp-content\/uploads\/2019\/05\/Salins-du-midi-150x150.jpeg 150w, https:\/\/dextre.com\/wp-content\/uploads\/2019\/05\/Salins-du-midi-400x400.jpeg 400w, https:\/\/dextre.com\/wp-content\/uploads\/2019\/05\/Salins-du-midi.jpeg 484w\" sizes=\"(max-width: 300px) 100vw, 300px\" \/><\/a>\n\t\t\t<\/div><\/figure>\n\t\t<\/div>\n\t\t<\/div>\n\t\t\t\t<\/div>\n\t\t\t\t<\/div>\n\t\t\t\t\t<\/div>\n\t\t<\/div>\n\t\t\t\t\t\t\t<\/div>\n\t\t<\/section>\n\t\t\t\t<section class=\"elementor-section elementor-top-section elementor-element elementor-element-1e0b058 elementor-section-boxed elementor-section-height-default elementor-section-height-default\" data-id=\"1e0b058\" data-element_type=\"section\">\n\t\t\t\t\t\t<div class=\"elementor-container elementor-column-gap-default\">\n\t\t\t\t\t<div class=\"elementor-column elementor-col-100 elementor-top-column elementor-element elementor-element-6b093d9\" data-id=\"6b093d9\" data-element_type=\"column\">\n\t\t\t<div class=\"elementor-widget-wrap elementor-element-populated\">\n\t\t\t\t\t\t\t\t<div class=\"elementor-element elementor-element-cb92837 elementor-widget elementor-widget-spacer\" data-id=\"cb92837\" data-element_type=\"widget\" data-widget_type=\"spacer.default\">\n\t\t\t\t<div class=\"elementor-widget-container\">\n\t\t\t\t\t<div class=\"elementor-spacer\">\n\t\t\t<div class=\"elementor-spacer-inner\"><\/div>\n\t\t<\/div>\n\t\t\t\t<\/div>\n\t\t\t\t<\/div>\n\t\t\t\t\t<\/div>\n\t\t<\/div>\n\t\t\t\t\t\t\t<\/div>\n\t\t<\/section>\n\t\t\t\t\t\t\t<\/div>","protected":false},"excerpt":{"rendered":"<p>Tech:<\/p>","protected":false},"author":1,"featured_media":0,"parent":294,"menu_order":0,"comment_status":"closed","ping_status":"closed","template":"elementor_header_footer","meta":{"_mi_skip_tracking":false,"_exactmetrics_sitenote_active":false,"_exactmetrics_sitenote_note":"","_exactmetrics_sitenote_category":0,"ocean_post_layout":"","ocean_both_sidebars_style":"","ocean_both_sidebars_content_width":0,"ocean_both_sidebars_sidebars_width":0,"ocean_sidebar":"0","ocean_second_sidebar":"0","ocean_disable_margins":"enable","ocean_add_body_class":"","ocean_shortcode_before_top_bar":"","ocean_shortcode_after_top_bar":"","ocean_shortcode_before_header":"","ocean_shortcode_after_header":"","ocean_has_shortcode":"","ocean_shortcode_after_title":"","ocean_shortcode_before_footer_widgets":"","ocean_shortcode_after_footer_widgets":"","ocean_shortcode_before_footer_bottom":"","ocean_shortcode_after_footer_bottom":"","ocean_display_top_bar":"default","ocean_display_header":"default","ocean_header_style":"","ocean_center_header_left_menu":"0","ocean_custom_header_template":"0","ocean_custom_logo":0,"ocean_custom_retina_logo":0,"ocean_custom_logo_max_width":0,"ocean_custom_logo_tablet_max_width":0,"ocean_custom_logo_mobile_max_width":0,"ocean_custom_logo_max_height":0,"ocean_custom_logo_tablet_max_height":0,"ocean_custom_logo_mobile_max_height":0,"ocean_header_custom_menu":"0","ocean_menu_typo_font_family":"0","ocean_menu_typo_font_subset":"","ocean_menu_typo_font_size":0,"ocean_menu_typo_font_size_tablet":0,"ocean_menu_typo_font_size_mobile":0,"ocean_menu_typo_font_size_unit":"px","ocean_menu_typo_font_weight":"","ocean_menu_typo_font_weight_tablet":"","ocean_menu_typo_font_weight_mobile":"","ocean_menu_typo_transform":"","ocean_menu_typo_transform_tablet":"","ocean_menu_typo_transform_mobile":"","ocean_menu_typo_line_height":0,"ocean_menu_typo_line_height_tablet":0,"ocean_menu_typo_line_height_mobile":0,"ocean_menu_typo_line_height_unit":"","ocean_menu_typo_spacing":0,"ocean_menu_typo_spacing_tablet":0,"ocean_menu_typo_spacing_mobile":0,"ocean_menu_typo_spacing_unit":"","ocean_menu_link_color":"","ocean_menu_link_color_hover":"","ocean_menu_link_color_active":"","ocean_menu_link_background":"","ocean_menu_link_hover_background":"","ocean_menu_link_active_background":"","ocean_menu_social_links_bg":"","ocean_menu_social_hover_links_bg":"","ocean_menu_social_links_color":"","ocean_menu_social_hover_links_color":"","ocean_disable_title":"default","ocean_disable_heading":"default","ocean_post_title":"","ocean_post_subheading":"","ocean_post_title_style":"","ocean_post_title_background_color":"","ocean_post_title_background":0,"ocean_post_title_bg_image_position":"","ocean_post_title_bg_image_attachment":"","ocean_post_title_bg_image_repeat":"","ocean_post_title_bg_image_size":"","ocean_post_title_height":0,"ocean_post_title_bg_overlay":0.5,"ocean_post_title_bg_overlay_color":"","ocean_disable_breadcrumbs":"default","ocean_breadcrumbs_color":"","ocean_breadcrumbs_separator_color":"","ocean_breadcrumbs_links_color":"","ocean_breadcrumbs_links_hover_color":"","ocean_display_footer_widgets":"default","ocean_display_footer_bottom":"default","ocean_custom_footer_template":"0"},"yoast_head":"<!-- This site is optimized with the Yoast SEO plugin v20.6 - https:\/\/yoast.com\/wordpress\/plugins\/seo\/ -->\n<title>Tech - Dextre<\/title>\n<meta name=\"robots\" content=\"index, follow, max-snippet:-1, max-image-preview:large, max-video-preview:-1\" \/>\n<link rel=\"canonical\" href=\"https:\/\/dextre.com\/en\/nos-clients\/tech\/\" \/>\n<meta property=\"og:locale\" content=\"en_GB\" \/>\n<meta property=\"og:type\" content=\"article\" \/>\n<meta property=\"og:title\" content=\"Tech - Dextre\" \/>\n<meta property=\"og:description\" content=\"Tech:\" \/>\n<meta property=\"og:url\" content=\"https:\/\/dextre.com\/en\/nos-clients\/tech\/\" \/>\n<meta property=\"og:site_name\" content=\"Dextre\" \/>\n<meta property=\"article:modified_time\" content=\"2022-05-27T09:16:41+00:00\" \/>\n<meta property=\"og:image\" content=\"https:\/\/dextre.com\/wp-content\/uploads\/2019\/05\/Banque-populaire-sud-300x129.png\" \/>\n<meta name=\"twitter:card\" content=\"summary_large_image\" \/>\n<meta name=\"twitter:label1\" content=\"Estimated reading time\" \/>\n\t<meta name=\"twitter:data1\" content=\"3 minutes\" \/>\n<!-- \/ Yoast SEO plugin. -->","yoast_head_json":{"title":"Tech - Dextre","robots":{"index":"index","follow":"follow","max-snippet":"max-snippet:-1","max-image-preview":"max-image-preview:large","max-video-preview":"max-video-preview:-1"},"canonical":"https:\/\/dextre.com\/en\/nos-clients\/tech\/","og_locale":"en_GB","og_type":"article","og_title":"Tech - Dextre","og_description":"Tech:","og_url":"https:\/\/dextre.com\/en\/nos-clients\/tech\/","og_site_name":"Dextre","article_modified_time":"2022-05-27T09:16:41+00:00","og_image":[{"url":"https:\/\/dextre.com\/wp-content\/uploads\/2019\/05\/Banque-populaire-sud-300x129.png"}],"twitter_card":"summary_large_image","twitter_misc":{"Estimated reading time":"3 minutes"},"schema":{"@context":"https:\/\/schema.org","@graph":[{"@type":"WebPage","@id":"https:\/\/dextre.com\/nos-clients\/tech\/","url":"https:\/\/dextre.com\/nos-clients\/tech\/","name":"Tech - Dextre","isPartOf":{"@id":"https:\/\/dextre.com\/#website"},"datePublished":"2019-05-10T13:06:35+00:00","dateModified":"2022-05-27T09:16:41+00:00","breadcrumb":{"@id":"https:\/\/dextre.com\/nos-clients\/tech\/#breadcrumb"},"inLanguage":"en-GB","potentialAction":[{"@type":"ReadAction","target":["https:\/\/dextre.com\/nos-clients\/tech\/"]}]},{"@type":"BreadcrumbList","@id":"https:\/\/dextre.com\/nos-clients\/tech\/#breadcrumb","itemListElement":[{"@type":"ListItem","position":1,"name":"Accueil","item":"https:\/\/dextre.com\/"},{"@type":"ListItem","position":2,"name":"Nos clients","item":"https:\/\/dextre.com\/nos-clients\/"},{"@type":"ListItem","position":3,"name":"Tech"}]},{"@type":"WebSite","@id":"https:\/\/dextre.com\/#website","url":"https:\/\/dextre.com\/","name":"Dextre","description":"Import Export depuis 1988","publisher":{"@id":"https:\/\/dextre.com\/#organization"},"potentialAction":[{"@type":"SearchAction","target":{"@type":"EntryPoint","urlTemplate":"https:\/\/dextre.com\/?s={search_term_string}"},"query-input":"required name=search_term_string"}],"inLanguage":"en-GB"},{"@type":"Organization","@id":"https:\/\/dextre.com\/#organization","name":"Dextre","url":"https:\/\/dextre.com\/","logo":{"@type":"ImageObject","inLanguage":"en-GB","@id":"https:\/\/dextre.com\/#\/schema\/logo\/image\/","url":"https:\/\/dextre.com\/wp-content\/uploads\/2019\/04\/Logo-dextre-1.gif","contentUrl":"https:\/\/dextre.com\/wp-content\/uploads\/2019\/04\/Logo-dextre-1.gif","width":400,"height":90,"caption":"Dextre"},"image":{"@id":"https:\/\/dextre.com\/#\/schema\/logo\/image\/"}}]}},"_links":{"self":[{"href":"https:\/\/dextre.com\/en\/wp-json\/wp\/v2\/pages\/874"}],"collection":[{"href":"https:\/\/dextre.com\/en\/wp-json\/wp\/v2\/pages"}],"about":[{"href":"https:\/\/dextre.com\/en\/wp-json\/wp\/v2\/types\/page"}],"author":[{"embeddable":true,"href":"https:\/\/dextre.com\/en\/wp-json\/wp\/v2\/users\/1"}],"replies":[{"embeddable":true,"href":"https:\/\/dextre.com\/en\/wp-json\/wp\/v2\/comments?post=874"}],"version-history":[{"count":15,"href":"https:\/\/dextre.com\/en\/wp-json\/wp\/v2\/pages\/874\/revisions"}],"predecessor-version":[{"id":7552,"href":"https:\/\/dextre.com\/en\/wp-json\/wp\/v2\/pages\/874\/revisions\/7552"}],"up":[{"embeddable":true,"href":"https:\/\/dextre.com\/en\/wp-json\/wp\/v2\/pages\/294"}],"wp:attachment":[{"href":"https:\/\/dextre.com\/en\/wp-json\/wp\/v2\/media?parent=874"}],"curies":[{"name":"wp","href":"https:\/\/api.w.org\/{rel}","templated":true}]}}